{"id":10,"date":"2016-08-30T02:10:23","date_gmt":"2016-08-30T00:10:23","guid":{"rendered":"http:\/\/localhost\/manuschmitt\/?page_id=10"},"modified":"2024-12-04T15:33:59","modified_gmt":"2024-12-04T14:33:59","slug":"a-propos","status":"publish","type":"page","link":"https:\/\/manuschmittpotentiel.com\/","title":{"rendered":"EMMANUEL  SCHMITT"},"content":{"rendered":"<p><img decoding=\"async\" loading=\"lazy\" class=\"size-medium wp-image-402 aligncenter\" src=\"http:\/\/manuschmittpotentiel.com\/wp-content\/uploads\/2024\/11\/IMG_20240408_173436-300x255.jpg\" alt=\"\" width=\"300\" height=\"255\" srcset=\"https:\/\/manuschmittpotentiel.com\/wp-content\/uploads\/2024\/11\/IMG_20240408_173436-300x255.jpg 300w, https:\/\/manuschmittpotentiel.com\/wp-content\/uploads\/2024\/11\/IMG_20240408_173436-768x653.jpg 768w, https:\/\/manuschmittpotentiel.com\/wp-content\/uploads\/2024\/11\/IMG_20240408_173436.jpg 923w\" sizes=\"(max-width: 300px) 100vw, 300px\" \/><\/p>\n<h3>PRESENTATION<\/h3>\n<p>Apr\u00e8s 17 ans de carri\u00e8re en tant que joueur de basket professionnel au plus haut-niveau fran\u00e7ais et europ\u00e9en, j&#8217;ai exerc\u00e9 diff\u00e9rentes fonctions de manager, en tant que coach d&#8217;\u00e9quipes professionnelles (de clubs ou d&#8217;Equipe Nationale) mais aussi dans le monde de l&#8217;entreprise en tant que directeur de diff\u00e9rentes filiales d&#8217;un groupe de distribution de pi\u00e8ces automobiles.<\/p>\n<p>Ces diverses exp\u00e9riences m&#8217;ont permis de d\u00e9velopper des comp\u00e9tences compl\u00e8tes et vari\u00e9es dans le domaine du management des hommes et des \u00e9quipes.<\/p>\n<h3>Coach professionnel de Basketball<\/h3>\n<ul>\n<li style=\"list-style-type: none;\">\n<ul>\n<li style=\"list-style-type: none;\">\n<ul>\n<li>Centre de formation ELAN CHALON (France pro A) \u00a0&#8211; 1999\/2002 &#8211; Elu Coach Espoirs de l&#8217;ann\u00e9e 2001<\/li>\n<li>Equipe Professionnelle ELAN CHALON (France pro A) &#8211; 2002\/2003<\/li>\n<li>Equipe Professionnelle \u00a0GENEVA DEVILS \u00a0(Suisse LNA) &#8211; 2003\/2008<\/li>\n<li>Equipe Nationale Suisse Senior -2004\/2008<\/li>\n<li>Equipe Professionnelle UNION NEUCHATEL BASKET (Suisse LNA) &#8211; 2013\/2017<\/li>\n<li>Equipe Professionnelle HYERES TOULON VAR BASKET (France pro A &#8211; JEEP ELITE ) &#8211; 2017\/2018<\/li>\n<li>Equipe Professionnelle BBC MONTHEY CHABLAIS (Suisse LNA) &#8211; 2018\/2019<\/li>\n<li>Equipe Professionnelle AIX MAURIENNE SAVOIE BASKET (France pro B) &#8211;\u00a0 2019\/2024<\/li>\n<\/ul>\n<\/li>\n<\/ul>\n<p>&#8211; <strong>Palmar\u00e8s:<\/strong><\/li>\n<li>Vainqueur Coupe de Suisse 2004<\/li>\n<li>Vainqueur Coupe de la Ligue Suisse 2004, 2014<\/li>\n<li>Finaliste Coupe de Suisse 2015<\/li>\n<li>Vice-Champion Suisse 2005, 2015, 2016<\/li>\n<\/ul>\n<h3>Autres Exp\u00e9riences<\/h3>\n<ul>\n<li>Directeur op\u00e9rationnel de diff\u00e9rentes filiales dans l&#8217;industrie de la distribution de pi\u00e8ces automobiles- 2008\/2013<\/li>\n<li>Consultant en Management et Performance<\/li>\n<li>Directeur de Camps de Basket<\/li>\n<li>Consultant Basketball\u00a0 RTS Sport T\u00e9l\u00e9vision (Radio T\u00e9l\u00e9vision Suisse)<\/li>\n<\/ul>\n","protected":false},"excerpt":{"rendered":"<p>PRESENTATION Apr\u00e8s 17 ans de carri\u00e8re en tant que joueur de basket professionnel au plus haut-niveau fran\u00e7ais et europ\u00e9en, j&#8217;ai exerc\u00e9 diff\u00e9rentes fonctions de manager, en tant que coach d&#8217;\u00e9quipes &#8230;<\/p>\n","protected":false},"author":1,"featured_media":0,"parent":0,"menu_order":0,"comment_status":"closed","ping_status":"closed","template":"template-frontpage.php","meta":[],"_links":{"self":[{"href":"https:\/\/manuschmittpotentiel.com\/index.php\/wp-json\/wp\/v2\/pages\/10"}],"collection":[{"href":"https:\/\/manuschmittpotentiel.com\/index.php\/wp-json\/wp\/v2\/pages"}],"about":[{"href":"https:\/\/manuschmittpotentiel.com\/index.php\/wp-json\/wp\/v2\/types\/page"}],"author":[{"embeddable":true,"href":"https:\/\/manuschmittpotentiel.com\/index.php\/wp-json\/wp\/v2\/users\/1"}],"replies":[{"embeddable":true,"href":"https:\/\/manuschmittpotentiel.com\/index.php\/wp-json\/wp\/v2\/comments?post=10"}],"version-history":[{"count":39,"href":"https:\/\/manuschmittpotentiel.com\/index.php\/wp-json\/wp\/v2\/pages\/10\/revisions"}],"predecessor-version":[{"id":418,"href":"https:\/\/manuschmittpotentiel.com\/index.php\/wp-json\/wp\/v2\/pages\/10\/revisions\/418"}],"wp:attachment":[{"href":"https:\/\/manuschmittpotentiel.com\/index.php\/wp-json\/wp\/v2\/media?parent=10"}],"curies":[{"name":"wp","href":"https:\/\/api.w.org\/{rel}","templated":true}]}}